{"id":1345,"date":"2017-05-05T07:29:10","date_gmt":"2017-05-05T06:29:10","guid":{"rendered":"https:\/\/aveyron.scrabblepaysdoc.fr\/?page_id=1345"},"modified":"2017-05-05T07:30:38","modified_gmt":"2017-05-05T06:30:38","slug":"2015-2","status":"publish","type":"page","link":"https:\/\/aveyron.scrabblepaysdoc.fr\/?page_id=1345","title":{"rendered":"2015"},"content":{"rendered":"<p>Des sorties toutes la semaine, petite apart\u00e9 sur Ga\u00ebl notre guide, vivement appr\u00e9ci\u00e9 pour les contenus historiques et culturels, nous mettant sans cesse en \u00e9veil et parsemant aussi ses proses par des anecdotes, blagues et narrations pr\u00eates \u00e0 nous divertir.<\/p>\n<p>Connaissiez-vous l&#8217;origine de ces expressions c\u00e9l\u00e8bres : &#8220;Trier sur le volet&#8221;, &#8220;Payer en esp\u00e8ces&#8221;, &#8220;Passer par quatre chemins&#8221;, &#8220;Tenir le haut du pav\u00e9&#8221;, &#8220;Les murs ont des oreilles&#8221;, maintenant nous savons gr\u00e2ce \u00e0 notre guide.<\/p>\n<p>Aussi un petit texte pour apprendre les c\u00e9pages et appellations :<\/p>\n<div class=\"divTitreArticle\">\n<h2><a class=\"titreArticle broken_link\" title=\"AU BAL DE LA NUIT SAINT GEORGES\" href=\"http:\/\/www.vinomessenger.com\/article-20325270.html\">AU BAL DE LA NUIT SAINT GEORGES<\/a><\/h2>\n<\/div>\n<div class=\"contenuArticle\"><span class=\"postbody\">Au bal de la <b>Nuits Saint Georges<\/b> o\u00f9 j&#8217;ai rencontr\u00e9 la petite <b>Juli\u00e9nas<\/b>, une fille dr\u00f4lement <b>Gigondas<\/b>, un sacr\u00e9 beau <b>Meursault<\/b>, bien charpent\u00e9e, et sous sa robe vermillon un grand cru class\u00e9, avec des ar\u00f4mes de cassis et de fraises des bois. Nous avons dans\u00e9 <b>Anjou<\/b> contre <b>Anjou<\/b> sur un <b>Sylvaner<\/b> \u00e0 la mode et plus tard lorsque je lui ai propos\u00e9 de l&#8217;emmener dans mon <b>Ch\u00e2teauneuf-du-Pape<\/b>, elle devenue toute <b>Croze-Hermitage<\/b> !!!<\/span><br \/>\n<span class=\"postbody\">Le temps d&#8217;aller chercher un <b>Chablis<\/b> au vestiaire, de mettre un petit <b>Corton<\/b> dans ses cheveux<\/span><span class=\"postbody\">, nous sommes mont\u00e9s dans ma <b>Banyuls<\/b> et avons roul\u00e9 jusqu&#8217;au petit matin. Ah quelle belle journ\u00e9e ! Nous nous sommes balad\u00e9s <b>Entre-deux-mers<\/b>, il faisait beau, Nous avons <b>Vacqueyras<\/b> sur la plage, les pieds dans l&#8217;eau <b>Clairette<\/b>, nous nous sommes <b>Pouilly-Fuiss\u00e9<\/b> dans les dunes et puis comme le <b>Mercurey<\/b> montait s\u00e9rieusement et que nous commencions \u00e0 avoir les <b>C\u00f4tes-R\u00f4ties<\/b> nous avons d\u00e9cid\u00e9 de rentrer. Mais voil\u00e0, en partant nous nous sommes retrouv\u00e9 coinc\u00e9s dans les embouteillages, enfin les bouchons, quoi ! Je commen\u00e7ais \u00e0 <b>Minervois<\/b> s\u00e9rieusement et l\u00e0, <b>Julienas<\/b> et moi, nous avons commenc\u00e9 \u00e0 nous cr\u00eaper le <b>Chinon<\/b> .. D&#8217;un seul coup elle a claqu\u00e9 la <b>Corbi\u00e8re<\/b> de la <b>Banyuls<\/b> et elle est partie ! Je me suis retrouv\u00e9 comme<b>Macon<\/b>. Quoi, me suis-je dit, elle s&#8217;est d\u00e9j\u00e0 <b>Sauvignon<\/b> avant m\u00eame que j&#8217;ai le temps de la <b>Sauternes<\/b> ! Mais je vous <b>Juran\u00e7on<\/b>, je l&#8217;avais dans la <b>Pauillac<\/b>, en effet, j&#8217;en \u00e9tais tellement <b>Tokay<\/b> que j&#8217;ai couru apr\u00e8s elle dans <b>Lalande<\/b> et les <b>Chardonnay<\/b> pour la rattraper. Quand nous nous sommes retrouv\u00e9s et que je l&#8217;ai vue devant moi en <b>Gros-plant<\/b>, je lui ai dit :<\/span><br \/>\n<span class=\"postbody\"><em>&#8211; Ne fais pas ta <b>Pomerol<\/b>, et ne t&#8217;en va plus <b>Gamay<\/b> !<\/em><\/span><br \/>\n<span class=\"postbody\">En pleurant, elle est tomb\u00e9e dans mes bras en <b>Madiran<\/b> :<\/span><br \/>\n<span class=\"postbody\"><em>&#8211; Ne m&#8217;en veut pas, je voulais juste \u00eatre s\u00fbre que ton <b>Saint-Amour<\/b> \u00e9tait vraiment\u00a0<b>Sancerre<\/b>.<\/em><\/span><span class=\"postbody\">Et vous savez quoi\u2026 depuis on ne s&#8217;est plus cuit\u00e9s.<\/span><\/p>\n<div><span class=\"postbody\">( Exrait Bernadette THUMERELLE 2007)<\/span><\/div>\n<\/div>\n","protected":false},"excerpt":{"rendered":"<p>Des sorties toutes la semaine, petite apart\u00e9 sur Ga\u00ebl notre guide, vivement appr\u00e9ci\u00e9 pour les contenus historiques et culturels, nous mettant sans cesse en \u00e9veil et parsemant aussi ses proses par des anecdotes, blagues et narrations pr\u00eates \u00e0 nous divertir. &hellip; <a href=\"https:\/\/aveyron.scrabblepaysdoc.fr\/?page_id=1345\">Continuer la lecture <span class=\"meta-nav\">&rarr;<\/span><\/a><\/p>\n","protected":false},"author":2,"featured_media":0,"parent":118,"menu_order":0,"comment_status":"closed","ping_status":"closed","template":"","meta":[],"_links":{"self":[{"href":"https:\/\/aveyron.scrabblepaysdoc.fr\/index.php?rest_route=\/wp\/v2\/pages\/1345"}],"collection":[{"href":"https:\/\/aveyron.scrabblepaysdoc.fr\/index.php?rest_route=\/wp\/v2\/pages"}],"about":[{"href":"https:\/\/aveyron.scrabblepaysdoc.fr\/index.php?rest_route=\/wp\/v2\/types\/page"}],"author":[{"embeddable":true,"href":"https:\/\/aveyron.scrabblepaysdoc.fr\/index.php?rest_route=\/wp\/v2\/users\/2"}],"replies":[{"embeddable":true,"href":"https:\/\/aveyron.scrabblepaysdoc.fr\/index.php?rest_route=%2Fwp%2Fv2%2Fcomments&post=1345"}],"version-history":[{"count":2,"href":"https:\/\/aveyron.scrabblepaysdoc.fr\/index.php?rest_route=\/wp\/v2\/pages\/1345\/revisions"}],"predecessor-version":[{"id":1348,"href":"https:\/\/aveyron.scrabblepaysdoc.fr\/index.php?rest_route=\/wp\/v2\/pages\/1345\/revisions\/1348"}],"up":[{"embeddable":true,"href":"https:\/\/aveyron.scrabblepaysdoc.fr\/index.php?rest_route=\/wp\/v2\/pages\/118"}],"wp:attachment":[{"href":"https:\/\/aveyron.scrabblepaysdoc.fr\/index.php?rest_route=%2Fwp%2Fv2%2Fmedia&parent=1345"}],"curies":[{"name":"wp","href":"https:\/\/api.w.org\/{rel}","templated":true}]}}