{"id":1349,"date":"2017-05-05T07:31:04","date_gmt":"2017-05-05T06:31:04","guid":{"rendered":"https:\/\/aveyron.scrabblepaysdoc.fr\/?page_id=1349"},"modified":"2017-05-05T09:18:57","modified_gmt":"2017-05-05T08:18:57","slug":"2017-2","status":"publish","type":"page","link":"https:\/\/aveyron.scrabblepaysdoc.fr\/?page_id=1349","title":{"rendered":"2017"},"content":{"rendered":"<p>Quand on va \u00e0 un festival de Scrabble en Pays d&#8217;Oc, on est \u00e0 peu pr\u00e8s s\u00fbr de deux choses :<\/p>\n<p style=\"text-align: justify;\">1 &#8211; on va se dilater l&#8217;estomac vu le programme gastronomique, les cadeaux de participation habituellement offerts et la dotation exclusivement gourmande.<\/p>\n<p style=\"text-align: justify;\">2 &#8211; on va se dilater la rate, \u00e9tant donn\u00e9e l&#8217;ambiance joyeuse, les nombreuses animations propos\u00e9es et le naturel jovial des animateurs.<\/p>\n<p style=\"text-align: justify;\">C&#8217;\u00e9tait ma premi\u00e8re participation ici en Aveyron, et nous sommes venus en groupe du club du Bouscat (33), qui pour la semaine vu les d\u00e9gustations propos\u00e9es \u00e0 des bordelais sevr\u00e9s de vin comme chacun sait, qui pour seulement le week-end vu qu&#8217;il faut bien que certains travaillent pour payer nos retraites.<\/p>\n<p style=\"text-align: justify;\">On s&#8217;\u00e9tait dit : le 1<sup>er<\/sup> mai en Aveyron il va faire beau et chaud. D&#8217;autres il va faire chaud et beau (c&#8217;est une contrep\u00e8terie&#8230;). Et voil\u00e0 que, patatras !, les \u00e9l\u00e9ments se r\u00e9voltent contre notre optimisme\u00a0aveugle.<\/p>\n<p style=\"text-align: justify;\">En deux jours, dimanche et lundi, notre chapiteau a v\u00e9cu le d\u00e9chainement des \u00e9l\u00e9ments, et le cin\u00e9phile que je suis va essayer de vous les raconter en s&#8217;amusant.<\/p>\n<table>\n<tbody>\n<tr>\n<td>Acte 1 : 747 en p\u00e9ril<\/td>\n<\/tr>\n<\/tbody>\n<\/table>\n<p style=\"text-align: justify;\">\u00c7a commen\u00e7ait bien. En ce dimanche matin la partie 3 s&#8217;\u00e9tirait gentiment. On s&#8217;ENGOUERA pour un petit scrabble, nous pigions mal ce que voulait dire POIGNIS, certains s&#8217;\u00e9tonnaient qu&#8217;on puisse REVISITER le m\u00eame festival et tout \u00e0 coup : FURAX pour 37 points ! Mais qui est donc f\u00e2ch\u00e9 ? Les \u00e9l\u00e9ments se d\u00e9cha\u00eenent, on tourbillonne, on fait un LUTZ qui n&#8217;est m\u00eame pas double, et j&#8217;imagine la voix de Serge aux commandes de l&#8217;appareil qui commence \u00e0 tanguer dans le vent :<br \/>\n&#8221; Je suis le commandant Delhom, vous \u00eates \u00e0 bord du Boeing de Pays d&#8217;Oc Air Lines, nous volerons \u00e0 une altitude de 1064 pieds (le top de la partie !), nous traversons actuellement une zone de perturbations et survolons Rodez. Les gros nuages noirs que vous apercevez sont en r\u00e9alit\u00e9 des tableaux de Pierre Soulages. Si le vent porteur se maintient nous traverserons la M\u00e9diterran\u00e9e \u00a0avant le d\u00e9but de la quatri\u00e8me partie, sinon nous serons de retour \u00e0 Pont-les-Bains pour le d\u00eener du soir. Les passagers qui rateront leur correspondance pourront assister ensuite \u00e0 la messe du p\u00e8re Gouttard, qui rajoute deux psaumes myst\u00e9rieux \u00e0 son recueil de pri\u00e8res :<br \/>\n32, les D des S qui C de P et 747 Y-a-t&#8217;il un P dans l&#8217;A ?.<br \/>\nAh oui ! 32, les Dents des Scrabbleurs qui Claquent de Peur et 747, Y-a-t&#8217;il un Pilote dans l&#8217;Avion ?<br \/>\nNos h\u00f4tesses arbitres et stewards ramasseurs vous demandent d&#8217;attacher vos ceintures et de ne pas quitter l&#8217;appareil avant la fin de la partie, en n&#8217;oubliant pas de remplir un dernier papier pour les formalit\u00e9s d&#8217;accueil au resto de l&#8217;Oustal. D\u00e8s que votre h\u00f4tesse vous aura lib\u00e9r\u00e9 vous pourrez enlever\u00a0votre gilet de sauvetage et descendre de l&#8217;avion par le toboggan g\u00e9ant qui m\u00e8ne \u00e0 l&#8217;ap\u00e9ro &#8220;.<\/p>\n<table>\n<tbody>\n<tr>\n<td>Acte 2, le lendemain : Titanic<\/td>\n<\/tr>\n<\/tbody>\n<\/table>\n<p style=\"text-align: justify;\">Le matin, la mer est calme. Certes le solide consid\u00e9r\u00e9 qu&#8217;est notre chapiteau \u00e9tait \u00e9gal au volume du cube, comme \u00e7a vous aurez au moins appris ce que veut dire la CUBATURE. A la surface de l&#8217;eau quelques V\u00c9G\u00c9TAUX, on signale bien des GIBOUL\u00c9ES. Et soudain les joueurs se liqu\u00e9fient comme le gaz d&#8217;un CRYOSTAT : un immense iceberg de 137 points sous forme de scrabble en triple \u00e0 lettre ch\u00e8re, et la pluie qui se d\u00e9cha\u00eene, d&#8217;autant qu&#8217;on joue ZEFS, puis ENNUAG\u00c9S dans la foul\u00e9e. C&#8217;est l&#8217;arche de No\u00e9, le Titanic revisit\u00e9. \u00a0Pierre-Louis di Caprio <span id='easy-footnote-1-1349' class='easy-footnote-margin-adjust'><\/span><span class='easy-footnote'><a href='https:\/\/aveyron.scrabblepaysdoc.fr\/?page_id=1349#easy-footnote-bottom-1-1349' title='Pierre-Louis COHARD'><sup>1<\/sup><\/a><\/span> et Yolande Winslet <span id='easy-footnote-2-1349' class='easy-footnote-margin-adjust'><\/span><span class='easy-footnote'><a href='https:\/\/aveyron.scrabblepaysdoc.fr\/?page_id=1349#easy-footnote-bottom-2-1349' title='Yolande MEYER'><sup>2<\/sup><\/a><\/span> sont \u00e0 la proue et scrutent\u00a0l&#8217;horizon. Michelle <span id='easy-footnote-3-1349' class='easy-footnote-margin-adjust'><\/span><span class='easy-footnote'><a href='https:\/\/aveyron.scrabblepaysdoc.fr\/?page_id=1349#easy-footnote-bottom-3-1349' title='Michelle COHARD'><sup>3<\/sup><\/a><\/span> et Brigitte <span id='easy-footnote-4-1349' class='easy-footnote-margin-adjust'><\/span><span class='easy-footnote'><a href='https:\/\/aveyron.scrabblepaysdoc.fr\/?page_id=1349#easy-footnote-bottom-4-1349' title='Brigitte DELHOM'><sup>4<\/sup><\/a><\/span> s&#8217;activent \u00e0 sortir les canots de sauvetage en pr\u00e9cisant bien qu&#8217;il s&#8217;agit de mod\u00e8les originaux qui n&#8217;acceptent que 7 passagers sur 8 possibles, car nous sommes d\u00e9j\u00e0 dans la deuxi\u00e8me partie du navire qui s&#8217;enfonce doucement dans cette mer FR\u00c9GAT\u00c9E. L&#8217;orchestre du paquebot, r\u00e9duit \u00e0 un seul jeune mais talentueux chanteur-guitariste continue \u00e0 jouer en respectant l&#8217;HEXACORDE. Seul le pr\u00e9sident Lachkar <span id='easy-footnote-5-1349' class='easy-footnote-margin-adjust'><\/span><span class='easy-footnote'><a href='https:\/\/aveyron.scrabblepaysdoc.fr\/?page_id=1349#easy-footnote-bottom-5-1349' title='Jacques LACHKAR, ancien pr\u00e9sident de la FFSc'><sup>5<\/sup><\/a><\/span> reste en chemise \u00e0 manches courtes et en short alors que la plupart des passagers frigorifi\u00e9s rajoutent des polaires sur leur gilet de sauvetage. L&#8217;adjonction au dernier moment d&#8217;un m\u00e9tal lourd fait que le bateau BISMUTH\u00c9 dispara\u00eet dans les fonds emportant avec lui tous les passagers restants vers des profondeurs de -1000 ! La journ\u00e9e s&#8217;ach\u00e8ve dans un maelstr\u00f6m par adjonction de l&#8217;amiral Delhom d&#8217;une 9<sup>\u00e8me<\/sup> lettre pour les quelques survivants&#8230; et par un nouvel ap\u00e9ro pour les autres.<\/p>\n<p style=\"text-align: justify;\">Voil\u00e0, j&#8217;esp\u00e8re juste que le TH4 final ne serait pas l&#8217;occasion d&#8217;une adaptation d&#8217;Aveyronnic Park.<br \/>\nQue nenni ! Nous avons \u00e9chapp\u00e9 aux dinosaures et j&#8217;ai v\u00e9cu une adaptation d&#8217;un nouveau film : La Mouche, qui m&#8217;a tyrannis\u00e9 tout l&#8217;apr\u00e8s-midi et m&#8217;a permis de rendre une partie RINGARDE, ce qui fait que j&#8217;ai MORFL\u00c9 fort. J&#8217;aurai mieux fait de TR\u00c9VIRER quand j&#8217;ai crois\u00e9 l&#8217;OISELIER. Bref, mon score \u00e0 NANIS\u00c9 un max !<\/p>\n<p>Alain BAUMANN<\/p>\n<p>&nbsp;<\/p>\n","protected":false},"excerpt":{"rendered":"<p>Quand on va \u00e0 un festival de Scrabble en Pays d&#8217;Oc, on est \u00e0 peu pr\u00e8s s\u00fbr de deux choses : 1 &#8211; on va se dilater l&#8217;estomac vu le programme gastronomique, les cadeaux de participation habituellement offerts et la &hellip; <a href=\"https:\/\/aveyron.scrabblepaysdoc.fr\/?page_id=1349\">Continuer la lecture <span class=\"meta-nav\">&rarr;<\/span><\/a><\/p>\n","protected":false},"author":2,"featured_media":0,"parent":118,"menu_order":0,"comment_status":"closed","ping_status":"closed","template":"","meta":[],"_links":{"self":[{"href":"https:\/\/aveyron.scrabblepaysdoc.fr\/index.php?rest_route=\/wp\/v2\/pages\/1349"}],"collection":[{"href":"https:\/\/aveyron.scrabblepaysdoc.fr\/index.php?rest_route=\/wp\/v2\/pages"}],"about":[{"href":"https:\/\/aveyron.scrabblepaysdoc.fr\/index.php?rest_route=\/wp\/v2\/types\/page"}],"author":[{"embeddable":true,"href":"https:\/\/aveyron.scrabblepaysdoc.fr\/index.php?rest_route=\/wp\/v2\/users\/2"}],"replies":[{"embeddable":true,"href":"https:\/\/aveyron.scrabblepaysdoc.fr\/index.php?rest_route=%2Fwp%2Fv2%2Fcomments&post=1349"}],"version-history":[{"count":14,"href":"https:\/\/aveyron.scrabblepaysdoc.fr\/index.php?rest_route=\/wp\/v2\/pages\/1349\/revisions"}],"predecessor-version":[{"id":1367,"href":"https:\/\/aveyron.scrabblepaysdoc.fr\/index.php?rest_route=\/wp\/v2\/pages\/1349\/revisions\/1367"}],"up":[{"embeddable":true,"href":"https:\/\/aveyron.scrabblepaysdoc.fr\/index.php?rest_route=\/wp\/v2\/pages\/118"}],"wp:attachment":[{"href":"https:\/\/aveyron.scrabblepaysdoc.fr\/index.php?rest_route=%2Fwp%2Fv2%2Fmedia&parent=1349"}],"curies":[{"name":"wp","href":"https:\/\/api.w.org\/{rel}","templated":true}]}}