{"id":3766,"date":"2019-10-15T11:00:45","date_gmt":"2019-10-15T10:00:45","guid":{"rendered":"https:\/\/aveyron.scrabblepaysdoc.fr\/?page_id=3766"},"modified":"2019-10-15T11:04:23","modified_gmt":"2019-10-15T10:04:23","slug":"6eme-festival","status":"publish","type":"page","link":"https:\/\/aveyron.scrabblepaysdoc.fr\/?page_id=3766","title":{"rendered":"Festival en Aveyron"},"content":{"rendered":"<p style=\"text-align: center;\"><p class=\"gde-text\"><a href=\"http:\/\/aveyron.scrabblepaysdoc.fr\/wp-content\/uploads\/2019\/10\/RVL_Depliant-Scrabble-2019-compress\u00e9.pdf\" class=\"gde-link\">T\u00e9l\u00e9charger (RVL_Depliant-Scrabble-2019-compress\u00e9.pdf)<\/a><\/p>\n<iframe src=\"\/\/docs.google.com\/viewer?url=http%3A%2F%2Faveyron.scrabblepaysdoc.fr%2Fwp-content%2Fuploads%2F2019%2F10%2FRVL_Depliant-Scrabble-2019-compress%C3%A9.pdf&hl=fr&embedded=true\" class=\"gde-frame\" style=\"width:100%; height:500px; border: none;\" scrolling=\"no\"><\/iframe><\/p>\n","protected":false},"excerpt":{"rendered":"","protected":false},"author":2,"featured_media":0,"parent":2720,"menu_order":0,"comment_status":"closed","ping_status":"closed","template":"","meta":[],"_links":{"self":[{"href":"https:\/\/aveyron.scrabblepaysdoc.fr\/index.php?rest_route=\/wp\/v2\/pages\/3766"}],"collection":[{"href":"https:\/\/aveyron.scrabblepaysdoc.fr\/index.php?rest_route=\/wp\/v2\/pages"}],"about":[{"href":"https:\/\/aveyron.scrabblepaysdoc.fr\/index.php?rest_route=\/wp\/v2\/types\/page"}],"author":[{"embeddable":true,"href":"https:\/\/aveyron.scrabblepaysdoc.fr\/index.php?rest_route=\/wp\/v2\/users\/2"}],"replies":[{"embeddable":true,"href":"https:\/\/aveyron.scrabblepaysdoc.fr\/index.php?rest_route=%2Fwp%2Fv2%2Fcomments&post=3766"}],"version-history":[{"count":3,"href":"https:\/\/aveyron.scrabblepaysdoc.fr\/index.php?rest_route=\/wp\/v2\/pages\/3766\/revisions"}],"predecessor-version":[{"id":3771,"href":"https:\/\/aveyron.scrabblepaysdoc.fr\/index.php?rest_route=\/wp\/v2\/pages\/3766\/revisions\/3771"}],"up":[{"embeddable":true,"href":"https:\/\/aveyron.scrabblepaysdoc.fr\/index.php?rest_route=\/wp\/v2\/pages\/2720"}],"wp:attachment":[{"href":"https:\/\/aveyron.scrabblepaysdoc.fr\/index.php?rest_route=%2Fwp%2Fv2%2Fmedia&parent=3766"}],"curies":[{"name":"wp","href":"https:\/\/api.w.org\/{rel}","templated":true}]}}