{"id":397,"date":"2016-03-16T17:41:42","date_gmt":"2016-03-16T16:41:42","guid":{"rendered":"http:\/\/aveyron.scrabblefisf.com\/?page_id=397"},"modified":"2016-06-25T10:34:58","modified_gmt":"2016-06-25T09:34:58","slug":"resultats-2016","status":"publish","type":"page","link":"https:\/\/aveyron.scrabblepaysdoc.fr\/?page_id=397","title":{"rendered":"R\u00e9sultats 2016"},"content":{"rendered":"<p><em>Samedi 18 juin<\/em><\/p>\n<p>Finale R\u00e9gionale en Parties Originales &#8211; <a href=\"http:\/\/aveyron.scrabblefisf.com\/wp-content\/uploads\/2016\/06\/FIN-REG-PO.xls\" class=\"broken_link\">T\u00e9l\u00e9charger le r\u00e9sultat<\/a><\/p>\n<div id=\"attachment_441\" style=\"width: 310px\" class=\"wp-caption aligncenter\"><a href=\"http:\/\/aveyron.scrabblefisf.com\/?attachment_id=441\" rel=\"attachment wp-att-441\" class=\"broken_link\"><img aria-describedby=\"caption-attachment-441\" decoding=\"async\" loading=\"lazy\" class=\"size-medium wp-image-441\" src=\"http:\/\/aveyron.scrabblefisf.com\/wp-content\/uploads\/2016\/06\/P1013861-300x225.jpg\" alt=\"Podium Finale Parties Originales\" width=\"300\" height=\"225\" srcset=\"https:\/\/aveyron.scrabblepaysdoc.fr\/wp-content\/uploads\/2016\/06\/P1013861-300x225.jpg 300w, https:\/\/aveyron.scrabblepaysdoc.fr\/wp-content\/uploads\/2016\/06\/P1013861-768x576.jpg 768w, https:\/\/aveyron.scrabblepaysdoc.fr\/wp-content\/uploads\/2016\/06\/P1013861-1024x768.jpg 1024w\" sizes=\"(max-width: 300px) 100vw, 300px\" \/><\/a><p id=\"caption-attachment-441\" class=\"wp-caption-text\">Podium Finale Parties Originales<\/p><\/div>\n<p><em>Dimanche 19 juin<\/em><\/p>\n<p>Open d\u00e9partemental de l&#8217;Aveyron &#8211; <a href=\"http:\/\/aveyron.scrabblefisf.com\/wp-content\/uploads\/2016\/06\/OPEN-AVEYR.xls\" class=\"broken_link\">T\u00e9l\u00e9charger le r\u00e9sultat<\/a><\/p>\n<div id=\"attachment_442\" style=\"width: 310px\" class=\"wp-caption aligncenter\"><a href=\"http:\/\/aveyron.scrabblefisf.com\/?attachment_id=442\" rel=\"attachment wp-att-442\" class=\"broken_link\"><img aria-describedby=\"caption-attachment-442\" decoding=\"async\" loading=\"lazy\" class=\"size-medium wp-image-442\" src=\"http:\/\/aveyron.scrabblefisf.com\/wp-content\/uploads\/2016\/06\/P1013880-300x225.jpg\" alt=\"Podium Open Aveyron 2016\" width=\"300\" height=\"225\" srcset=\"https:\/\/aveyron.scrabblepaysdoc.fr\/wp-content\/uploads\/2016\/06\/P1013880-300x225.jpg 300w, https:\/\/aveyron.scrabblepaysdoc.fr\/wp-content\/uploads\/2016\/06\/P1013880-768x576.jpg 768w, https:\/\/aveyron.scrabblepaysdoc.fr\/wp-content\/uploads\/2016\/06\/P1013880-1024x768.jpg 1024w\" sizes=\"(max-width: 300px) 100vw, 300px\" \/><\/a><p id=\"caption-attachment-442\" class=\"wp-caption-text\">Podium Open Aveyron 2016<\/p><\/div>\n<p>Marie Th\u00e9r\u00e8se MAZARS (\u00e0 gauche), champion d\u00e9partemental de l&#8217;Aveyron 2016.<\/p>\n<p><em>Mercredi 22 juin<\/em><\/p>\n<p>Coupe de l&#8217;Oustal (Paires)\u00a0&#8211; <span style=\"color: #ff6600;\">40 coups \/ 40 scrabbles<\/span> &#8211; <a href=\"http:\/\/aveyron.scrabblefisf.com\/wp-content\/uploads\/2016\/06\/L05TP-3.xls\" target=\"_blank\" class=\"broken_link\">T\u00e9l\u00e9charger le r\u00e9sultat<\/a><\/p>\n<div id=\"attachment_520\" style=\"width: 310px\" class=\"wp-caption aligncenter\"><a href=\"http:\/\/aveyron.scrabblefisf.com\/?attachment_id=520\" rel=\"attachment wp-att-520\" class=\"broken_link\"><img aria-describedby=\"caption-attachment-520\" decoding=\"async\" loading=\"lazy\" class=\"size-medium wp-image-520\" src=\"http:\/\/aveyron.scrabblefisf.com\/wp-content\/uploads\/2016\/06\/DSC0238-300x199.jpg\" alt=\"Paires 2016\" width=\"300\" height=\"199\" srcset=\"https:\/\/aveyron.scrabblepaysdoc.fr\/wp-content\/uploads\/2016\/06\/DSC0238-300x199.jpg 300w, https:\/\/aveyron.scrabblepaysdoc.fr\/wp-content\/uploads\/2016\/06\/DSC0238-768x511.jpg 768w, https:\/\/aveyron.scrabblepaysdoc.fr\/wp-content\/uploads\/2016\/06\/DSC0238-1024x681.jpg 1024w\" sizes=\"(max-width: 300px) 100vw, 300px\" \/><\/a><p id=\"caption-attachment-520\" class=\"wp-caption-text\">Les laur\u00e9ats du tournoi en paires 2016<\/p><\/div>\n<p>&nbsp;<\/p>\n<p><em>Vendredi 24 juin<\/em><\/p>\n<p>Coupe de Salles la Source &#8211; <span style=\"color: #339966;\">Tournoi classique<\/span> &#8211; <a href=\"http:\/\/aveyron.scrabblefisf.com\/wp-content\/uploads\/2016\/06\/20160624-Coupe-de-Salles-la-Source_FEDE.xls\" target=\"_blank\" class=\"broken_link\">T\u00e9l\u00e9charger le r\u00e9sultat<\/a><\/p>\n","protected":false},"excerpt":{"rendered":"<p>Samedi 18 juin Finale R\u00e9gionale en Parties Originales &#8211; T\u00e9l\u00e9charger le r\u00e9sultat Dimanche 19 juin Open d\u00e9partemental de l&#8217;Aveyron &#8211; T\u00e9l\u00e9charger le r\u00e9sultat Marie Th\u00e9r\u00e8se MAZARS (\u00e0 gauche), champion d\u00e9partemental de l&#8217;Aveyron 2016. Mercredi 22 juin Coupe de l&#8217;Oustal (Paires)\u00a0&#8211; &hellip; <a href=\"https:\/\/aveyron.scrabblepaysdoc.fr\/?page_id=397\">Continuer la lecture <span class=\"meta-nav\">&rarr;<\/span><\/a><\/p>\n","protected":false},"author":2,"featured_media":0,"parent":393,"menu_order":0,"comment_status":"closed","ping_status":"closed","template":"","meta":[],"_links":{"self":[{"href":"https:\/\/aveyron.scrabblepaysdoc.fr\/index.php?rest_route=\/wp\/v2\/pages\/397"}],"collection":[{"href":"https:\/\/aveyron.scrabblepaysdoc.fr\/index.php?rest_route=\/wp\/v2\/pages"}],"about":[{"href":"https:\/\/aveyron.scrabblepaysdoc.fr\/index.php?rest_route=\/wp\/v2\/types\/page"}],"author":[{"embeddable":true,"href":"https:\/\/aveyron.scrabblepaysdoc.fr\/index.php?rest_route=\/wp\/v2\/users\/2"}],"replies":[{"embeddable":true,"href":"https:\/\/aveyron.scrabblepaysdoc.fr\/index.php?rest_route=%2Fwp%2Fv2%2Fcomments&post=397"}],"version-history":[{"count":10,"href":"https:\/\/aveyron.scrabblepaysdoc.fr\/index.php?rest_route=\/wp\/v2\/pages\/397\/revisions"}],"predecessor-version":[{"id":527,"href":"https:\/\/aveyron.scrabblepaysdoc.fr\/index.php?rest_route=\/wp\/v2\/pages\/397\/revisions\/527"}],"up":[{"embeddable":true,"href":"https:\/\/aveyron.scrabblepaysdoc.fr\/index.php?rest_route=\/wp\/v2\/pages\/393"}],"wp:attachment":[{"href":"https:\/\/aveyron.scrabblepaysdoc.fr\/index.php?rest_route=%2Fwp%2Fv2%2Fmedia&parent=397"}],"curies":[{"name":"wp","href":"https:\/\/api.w.org\/{rel}","templated":true}]}}