{"id":563,"date":"2017-04-08T07:46:42","date_gmt":"2017-04-08T06:46:42","guid":{"rendered":"https:\/\/aveyron.scrabblepaysdoc.fr\/?page_id=563"},"modified":"2017-05-08T07:59:16","modified_gmt":"2017-05-08T06:59:16","slug":"2017-2","status":"publish","type":"page","link":"https:\/\/aveyron.scrabblepaysdoc.fr\/?page_id=563","title":{"rendered":"R\u00e9sultats 2017"},"content":{"rendered":"<ul>\n<li>Open de l&#8217;Aveyron &#8211; TH4 + Grand Prix &#8211; Samedi 29 et dimanche 30 avril<\/li>\n<\/ul>\n<div id=\"attachment_605\" style=\"width: 310px\" class=\"wp-caption alignnone\"><a href=\"http:\/\/aveyron.scrabblepaysdoc.fr\/wp-content\/uploads\/2017\/04\/DSC0093.jpg\"><img aria-describedby=\"caption-attachment-605\" decoding=\"async\" loading=\"lazy\" class=\"size-medium wp-image-605\" src=\"http:\/\/aveyron.scrabblepaysdoc.fr\/wp-content\/uploads\/2017\/04\/DSC0093-300x199.jpg\" alt=\"Podium Open de l'Aveyron\" width=\"300\" height=\"199\" srcset=\"https:\/\/aveyron.scrabblepaysdoc.fr\/wp-content\/uploads\/2017\/04\/DSC0093-300x199.jpg 300w, https:\/\/aveyron.scrabblepaysdoc.fr\/wp-content\/uploads\/2017\/04\/DSC0093-768x511.jpg 768w, https:\/\/aveyron.scrabblepaysdoc.fr\/wp-content\/uploads\/2017\/04\/DSC0093-1024x681.jpg 1024w, https:\/\/aveyron.scrabblepaysdoc.fr\/wp-content\/uploads\/2017\/04\/DSC0093.jpg 1083w\" sizes=\"(max-width: 300px) 100vw, 300px\" \/><\/a><p id=\"caption-attachment-605\" class=\"wp-caption-text\">Podium Open de l&#8217;Aveyron &#8211; <a href=\"http:\/\/aveyron.scrabblepaysdoc.fr\/wp-content\/uploads\/2017\/05\/OPEN-DU-12.pdf\" target=\"_blank\" rel=\"noopener noreferrer\">Voir le r\u00e9sultat<\/a><\/p><\/div>\n<ul>\n<li>Open du Pays d&#8217;Oc en Parties Originales &#8211; TH3 + Grand Prix &#8211; Lundi 1<sup>er<\/sup> mai<\/li>\n<\/ul>\n<div id=\"attachment_610\" style=\"width: 310px\" class=\"wp-caption alignnone\"><a href=\"http:\/\/aveyron.scrabblepaysdoc.fr\/wp-content\/uploads\/2017\/05\/DSC0192.jpg\"><img aria-describedby=\"caption-attachment-610\" decoding=\"async\" loading=\"lazy\" class=\"size-medium wp-image-610\" src=\"http:\/\/aveyron.scrabblepaysdoc.fr\/wp-content\/uploads\/2017\/05\/DSC0192-300x199.jpg\" alt=\"Podium PO Open Pays d'Oc\" width=\"300\" height=\"199\" srcset=\"https:\/\/aveyron.scrabblepaysdoc.fr\/wp-content\/uploads\/2017\/05\/DSC0192-300x199.jpg 300w, https:\/\/aveyron.scrabblepaysdoc.fr\/wp-content\/uploads\/2017\/05\/DSC0192-768x511.jpg 768w, https:\/\/aveyron.scrabblepaysdoc.fr\/wp-content\/uploads\/2017\/05\/DSC0192-1024x681.jpg 1024w, https:\/\/aveyron.scrabblepaysdoc.fr\/wp-content\/uploads\/2017\/05\/DSC0192.jpg 1083w\" sizes=\"(max-width: 300px) 100vw, 300px\" \/><\/a><p id=\"caption-attachment-610\" class=\"wp-caption-text\">Podium PO Open Pays d&#8217;Oc &#8211; <a href=\"http:\/\/aveyron.scrabblepaysdoc.fr\/wp-content\/uploads\/2017\/05\/OPEN-OC.pdf\" target=\"_blank\" rel=\"noopener noreferrer\">Voir le r\u00e9sultat<\/a><\/p><\/div>\n<ul>\n<li>Coupe de l&#8217;Oustal en Paires &#8211; 56 coups\/ 56 scrabbles &#8211; Mercredi 3 mai<\/li>\n<\/ul>\n<div id=\"attachment_618\" style=\"width: 310px\" class=\"wp-caption alignnone\"><a href=\"http:\/\/aveyron.scrabblepaysdoc.fr\/wp-content\/uploads\/2017\/05\/DSC0350.jpg\"><img aria-describedby=\"caption-attachment-618\" decoding=\"async\" loading=\"lazy\" class=\"size-medium wp-image-618\" src=\"http:\/\/aveyron.scrabblepaysdoc.fr\/wp-content\/uploads\/2017\/05\/DSC0350-300x199.jpg\" alt=\"Podium Coup de l'Oustal\" width=\"300\" height=\"199\" srcset=\"https:\/\/aveyron.scrabblepaysdoc.fr\/wp-content\/uploads\/2017\/05\/DSC0350-300x199.jpg 300w, https:\/\/aveyron.scrabblepaysdoc.fr\/wp-content\/uploads\/2017\/05\/DSC0350-768x511.jpg 768w, https:\/\/aveyron.scrabblepaysdoc.fr\/wp-content\/uploads\/2017\/05\/DSC0350-1024x681.jpg 1024w, https:\/\/aveyron.scrabblepaysdoc.fr\/wp-content\/uploads\/2017\/05\/DSC0350.jpg 1083w\" sizes=\"(max-width: 300px) 100vw, 300px\" \/><\/a><p id=\"caption-attachment-618\" class=\"wp-caption-text\">Podium Coupe de l&#8217;Oustal &#8211; <a href=\"http:\/\/aveyron.scrabblepaysdoc.fr\/wp-content\/uploads\/2017\/05\/OUSTAL.pdf\" target=\"_blank\" rel=\"noopener noreferrer\">Voir le r\u00e9sultat<\/a><\/p><\/div>\n<p>Voici les quatre phrases concoct\u00e9es par notre ami Alain Baumann avec les scrabbles jou\u00e9s dans les parties :<\/p>\n<p>1 &#8211; Alors qu&#8217;un SPONSOR EXTOURNA le JACQUARD pour que la NOSTALGIE ADVIENNE, le BOH\u00c9MIEN EXPECTORE sa VIRILIT\u00c9 avec une GUYANAISE devenue EUROISE !<\/p>\n<p>2 &#8211; FATIGU\u00c9 par ses EXAMENS le LOZ\u00c9RIEN doit dor\u00e9navant porter un PACEMAKER qui le fatigue et a des effets CORROSIFS sur sa THYRO\u00cfDE. Il se console en d\u00e9gustant sans BASSESSES ni VULGARITE un ROCAMADOUR, puisque ce fromage PULLULE dans la r\u00e9gion.<\/p>\n<p>3 &#8211; La LAITI\u00c8RE EMPLOYA une m\u00e9thode N\u00c9ONAZIE digne de la GESTAPO pour nous emp\u00eacher de manger notre BEFFSTEAK AVEYRONNAIS CHAMPION. Nous JEUNAMES donc en attendant l&#8217;AUTOBUS TCH\u00c8QUE et je vous DIVULGUE que tu TWISTAS en agissant un \u00c9TENDARD !<\/p>\n<p>4 &#8211; La LOTOISE IMB\u00c9CILE au sourire RAVAGEUR envisageait de REJOINDRE la salle OMNISPORT des escrimeurs ressemblant \u00e0 des KARAT\u00c9KAS M\u00c9DI\u00c9VAUX, vautr\u00e9s dans des FAUTEUILS en tissu AC\u00c9TYL\u00c8NE, et ayant un go\u00fbt PASSIONNEL pour le CHORIZO.<\/p>\n<p>Merci \u00e0 lui pour cette verve inimitable \ud83d\ude09<\/p>\n<ul>\n<li>Coupe de l&#8217;Aubrac &#8211; TH4 + Grand Prix &#8211; Jeudi 4 et Vendredi 5 mai<\/li>\n<\/ul>\n<div id=\"attachment_1371\" style=\"width: 310px\" class=\"wp-caption alignnone\"><a href=\"http:\/\/aveyron.scrabblepaysdoc.fr\/wp-content\/uploads\/2017\/05\/DSC0461.jpg\"><img aria-describedby=\"caption-attachment-1371\" decoding=\"async\" loading=\"lazy\" class=\"size-medium wp-image-1371\" src=\"http:\/\/aveyron.scrabblepaysdoc.fr\/wp-content\/uploads\/2017\/05\/DSC0461-300x199.jpg\" alt=\"Podium Coupe de l'Aubrac\" width=\"300\" height=\"199\" srcset=\"https:\/\/aveyron.scrabblepaysdoc.fr\/wp-content\/uploads\/2017\/05\/DSC0461-300x199.jpg 300w, https:\/\/aveyron.scrabblepaysdoc.fr\/wp-content\/uploads\/2017\/05\/DSC0461-768x511.jpg 768w, https:\/\/aveyron.scrabblepaysdoc.fr\/wp-content\/uploads\/2017\/05\/DSC0461-1024x681.jpg 1024w, https:\/\/aveyron.scrabblepaysdoc.fr\/wp-content\/uploads\/2017\/05\/DSC0461.jpg 1083w\" sizes=\"(max-width: 300px) 100vw, 300px\" \/><\/a><p id=\"caption-attachment-1371\" class=\"wp-caption-text\">Podium Coupe de l&#8217;Aubrac &#8211; <a href=\"http:\/\/aveyron.scrabblepaysdoc.fr\/wp-content\/uploads\/2017\/05\/CP_AUBRAC.pdf\" target=\"_blank\" rel=\"noopener noreferrer\">Voir le r\u00e9sultat<\/a><\/p><\/div>\n<ul>\n<li>Coupe de Salles-la-Source &#8211; Scrabble Classique<\/li>\n<\/ul>\n<div id=\"attachment_1369\" style=\"width: 310px\" class=\"wp-caption alignnone\"><a href=\"http:\/\/aveyron.scrabblepaysdoc.fr\/wp-content\/uploads\/2017\/05\/DSC0438.jpg\"><img aria-describedby=\"caption-attachment-1369\" decoding=\"async\" loading=\"lazy\" class=\"size-medium wp-image-1369\" src=\"http:\/\/aveyron.scrabblepaysdoc.fr\/wp-content\/uploads\/2017\/05\/DSC0438-300x199.jpg\" alt=\"Podium Classique 2017\" width=\"300\" height=\"199\" srcset=\"https:\/\/aveyron.scrabblepaysdoc.fr\/wp-content\/uploads\/2017\/05\/DSC0438-300x199.jpg 300w, https:\/\/aveyron.scrabblepaysdoc.fr\/wp-content\/uploads\/2017\/05\/DSC0438-768x511.jpg 768w, https:\/\/aveyron.scrabblepaysdoc.fr\/wp-content\/uploads\/2017\/05\/DSC0438-1024x681.jpg 1024w, https:\/\/aveyron.scrabblepaysdoc.fr\/wp-content\/uploads\/2017\/05\/DSC0438.jpg 1083w\" sizes=\"(max-width: 300px) 100vw, 300px\" \/><\/a><p id=\"caption-attachment-1369\" class=\"wp-caption-text\">Coupe de Salles-la-Source &#8211; <a href=\"http:\/\/aveyron.scrabblepaysdoc.fr\/wp-content\/uploads\/2017\/05\/20170505-Coupe-de-Salles-la-Source_FEDE.pdf\" target=\"_blank\" rel=\"noopener noreferrer\">Voir le r\u00e9sultat<\/a><\/p><\/div>\n","protected":false},"excerpt":{"rendered":"<p>Open de l&#8217;Aveyron &#8211; TH4 + Grand Prix &#8211; Samedi 29 et dimanche 30 avril Open du Pays d&#8217;Oc en Parties Originales &#8211; TH3 + Grand Prix &#8211; Lundi 1er mai Coupe de l&#8217;Oustal en Paires &#8211; 56 coups\/ 56 &hellip; <a href=\"https:\/\/aveyron.scrabblepaysdoc.fr\/?page_id=563\">Continuer la lecture <span class=\"meta-nav\">&rarr;<\/span><\/a><\/p>\n","protected":false},"author":2,"featured_media":0,"parent":393,"menu_order":0,"comment_status":"closed","ping_status":"closed","template":"","meta":[],"_links":{"self":[{"href":"https:\/\/aveyron.scrabblepaysdoc.fr\/index.php?rest_route=\/wp\/v2\/pages\/563"}],"collection":[{"href":"https:\/\/aveyron.scrabblepaysdoc.fr\/index.php?rest_route=\/wp\/v2\/pages"}],"about":[{"href":"https:\/\/aveyron.scrabblepaysdoc.fr\/index.php?rest_route=\/wp\/v2\/types\/page"}],"author":[{"embeddable":true,"href":"https:\/\/aveyron.scrabblepaysdoc.fr\/index.php?rest_route=\/wp\/v2\/users\/2"}],"replies":[{"embeddable":true,"href":"https:\/\/aveyron.scrabblepaysdoc.fr\/index.php?rest_route=%2Fwp%2Fv2%2Fcomments&post=563"}],"version-history":[{"count":12,"href":"https:\/\/aveyron.scrabblepaysdoc.fr\/index.php?rest_route=\/wp\/v2\/pages\/563\/revisions"}],"predecessor-version":[{"id":1374,"href":"https:\/\/aveyron.scrabblepaysdoc.fr\/index.php?rest_route=\/wp\/v2\/pages\/563\/revisions\/1374"}],"up":[{"embeddable":true,"href":"https:\/\/aveyron.scrabblepaysdoc.fr\/index.php?rest_route=\/wp\/v2\/pages\/393"}],"wp:attachment":[{"href":"https:\/\/aveyron.scrabblepaysdoc.fr\/index.php?rest_route=%2Fwp%2Fv2%2Fmedia&parent=563"}],"curies":[{"name":"wp","href":"https:\/\/api.w.org\/{rel}","templated":true}]}}