{"id":86,"date":"2015-03-18T17:22:39","date_gmt":"2015-03-18T16:22:39","guid":{"rendered":"http:\/\/aveyron.scrabblefisf.com\/?page_id=86"},"modified":"2015-03-18T17:42:22","modified_gmt":"2015-03-18T16:42:22","slug":"tourisme","status":"publish","type":"page","link":"https:\/\/aveyron.scrabblepaysdoc.fr\/?page_id=86","title":{"rendered":"Tourisme"},"content":{"rendered":"<p><span style=\"font-size: 14pt;\">Pour faire une visite virtuelle dans la r\u00e9gion Midi-Pyr\u00e9n\u00e9es et particuli\u00e8rement les sites aveyronnais : Conques, Rodez, Najac, Villefranche de Rouergue, viaduc de Millau, chemins de Saint-Jacques, gorges du Tarn&#8230;<\/span><\/p>\n<p><span style=\"font-size: 14pt;\">Rendez-vous sur le site du <a href=\"http:\/\/www.tourisme-midi-pyrenees.com\/accueil\/a-voir-a-faire\/visites-decouvertes\/les-grands-sites-de-midi-pyrenees?extLang=fr\" target=\"_blank\">comit\u00e9 r\u00e9gional du tourisme<\/a><\/span><\/p>\n<div class=\"left_content\">\n<h2>UNE COLLECTION UNIQUE EN FRANCE<\/h2>\n<div class=\"chapo\"><\/div>\n<\/div>\n<div class=\"right_content\">\n<div class=\"chapo_more\">Il est des endroits, des ambiances, des paysages dont on se souvient toujours. Des villages, des villes, des sites que l\u2019on est surpris de d\u00e9couvrir et o\u00f9 l\u2019on est heureux de revenir. C\u2019est le cas de Toulouse, de Rocamadour, de Conques ou du cirque de Gavarnie, d\u00e9cors magiques d\u2019un jour ou d\u2019un plus long s\u00e9jour.\u00a0 Midi-Pyr\u00e9n\u00e9es compte ainsi 25 grands sites \u00e0 visiter absolument parce qu\u2019ils sont r\u00e9v\u00e9lateurs de son histoire, de sa beaut\u00e9 mais aussi de son envie de recevoir.<\/div>\n<\/div>\n","protected":false},"excerpt":{"rendered":"<p>Pour faire une visite virtuelle dans la r\u00e9gion Midi-Pyr\u00e9n\u00e9es et particuli\u00e8rement les sites aveyronnais : Conques, Rodez, Najac, Villefranche de Rouergue, viaduc de Millau, chemins de Saint-Jacques, gorges du Tarn&#8230; Rendez-vous sur le site du comit\u00e9 r\u00e9gional du tourisme UNE &hellip; <a href=\"https:\/\/aveyron.scrabblepaysdoc.fr\/?page_id=86\">Continuer la lecture <span class=\"meta-nav\">&rarr;<\/span><\/a><\/p>\n","protected":false},"author":3,"featured_media":0,"parent":0,"menu_order":0,"comment_status":"closed","ping_status":"open","template":"","meta":[],"_links":{"self":[{"href":"https:\/\/aveyron.scrabblepaysdoc.fr\/index.php?rest_route=\/wp\/v2\/pages\/86"}],"collection":[{"href":"https:\/\/aveyron.scrabblepaysdoc.fr\/index.php?rest_route=\/wp\/v2\/pages"}],"about":[{"href":"https:\/\/aveyron.scrabblepaysdoc.fr\/index.php?rest_route=\/wp\/v2\/types\/page"}],"author":[{"embeddable":true,"href":"https:\/\/aveyron.scrabblepaysdoc.fr\/index.php?rest_route=\/wp\/v2\/users\/3"}],"replies":[{"embeddable":true,"href":"https:\/\/aveyron.scrabblepaysdoc.fr\/index.php?rest_route=%2Fwp%2Fv2%2Fcomments&post=86"}],"version-history":[{"count":5,"href":"https:\/\/aveyron.scrabblepaysdoc.fr\/index.php?rest_route=\/wp\/v2\/pages\/86\/revisions"}],"predecessor-version":[{"id":91,"href":"https:\/\/aveyron.scrabblepaysdoc.fr\/index.php?rest_route=\/wp\/v2\/pages\/86\/revisions\/91"}],"wp:attachment":[{"href":"https:\/\/aveyron.scrabblepaysdoc.fr\/index.php?rest_route=%2Fwp%2Fv2%2Fmedia&parent=86"}],"curies":[{"name":"wp","href":"https:\/\/api.w.org\/{rel}","templated":true}]}}